{"id":2920,"date":"2014-04-28T17:47:03","date_gmt":"2014-04-28T16:47:03","guid":{"rendered":"https:\/\/www.web-dream.fr\/app\/site-internet-2\/"},"modified":"2026-04-14T07:07:12","modified_gmt":"2026-04-14T06:07:12","slug":"sites-internet","status":"publish","type":"page","link":"https:\/\/www.web-dream.fr\/app\/es\/sites-internet\/","title":{"rendered":"Sites Internet"},"content":{"rendered":"<h2 style=\"text-align: center;\">Exemples de nos r\u00e9alisations de site Internet.<\/h2>\n<h3 style=\"text-align: center;\">Mairie d&#8217;Aujac (30450)<\/h3>\n<p style=\"text-align: center;\"><a class=\"Portfoliothumb\" title=\"Site de la Mairie d'Aujac\" href=\"http:\/\/www.aujac.fr\" target=\"_blank\" rel=\"noopener noreferrer\"><img loading=\"lazy\" decoding=\"async\" src=\"https:\/\/www.web-dream.fr\/app\/wp-content\/uploads\/2015\/04\/aujac.jpg\" alt=\"Site de la Mairie d'Aujac\" width=\"433\" height=\"204\" \/><\/a><\/p>\n<h3 style=\"text-align: center;\">Le Providence.<\/h3>\n<p style=\"text-align: center;\"><a href=\"http:\/\/www.leprovidence.fr\" target=\"_blank\" rel=\"noopener noreferrer\"><img loading=\"lazy\" decoding=\"async\" src=\"https:\/\/www.web-dream.fr\/app\/wp-content\/uploads\/2026\/04\/Capture-decran-2026-04-14-a-07.57.18.png\" alt=\"Le Providence.\" width=\"433\" height=\"204\" \/><\/a><\/p>\n<h3 style=\"text-align: center;\">Les Coches d&#8217;Eau<\/h3>\n<p><a href=\"https:\/\/www.les-coches-deau.fr\" target=\"_blank\" rel=\"noopener noreferrer\"><img loading=\"lazy\" decoding=\"async\" class=\"aligncenter wp-image-17587 size-full\" src=\"https:\/\/www.web-dream.fr\/app\/wp-content\/uploads\/2020\/08\/les-coches-deau.jpg\" alt=\"Les coches d'eau\" width=\"433\" height=\"204\" \/><\/a><\/p>\n<h3 style=\"text-align: center;\">Octa Digital Education<\/h3>\n<p><a href=\"https:\/\/octa-digital-education.com\" target=\"_blank\" rel=\"noopener noreferrer\"><img loading=\"lazy\" decoding=\"async\" class=\"aligncenter wp-image-17587 size-full\" src=\"https:\/\/www.web-dream.fr\/app\/wp-content\/uploads\/2026\/04\/Capture-decran-2026-04-14-a-08.03.16.png\" alt=\"octa digital education\" width=\"433\" height=\"204\" \/><\/a><\/p>\n<h3 style=\"text-align: center;\">Camargue D\u00e9couverte.<\/h3>\n<p><a href=\"https:\/\/www.camargue-decouverte.fr\" target=\"_blank\" rel=\"noopener noreferrer\"><img loading=\"lazy\" decoding=\"async\" class=\"aligncenter wp-image-17587 size-full\" src=\"https:\/\/www.web-dream.fr\/app\/wp-content\/uploads\/2018\/12\/camargue-d\u00e9couverte.jpeg\" alt=\"Camargue D\u00e9couverte\" width=\"433\" height=\"204\" \/><\/a><\/p>\n<h3 style=\"text-align: center;\">Bazarland<\/h3>\n<p style=\"text-align: center;\"><a href=\"https:\/\/www.bazarland.fr\" target=\"_blank\" rel=\"noopener noreferrer\"><img loading=\"lazy\" decoding=\"async\" class=\"aligncenter size-full wp-image-17522\" src=\"https:\/\/www.web-dream.fr\/app\/wp-content\/uploads\/2014\/04\/bazarland.jpg\" alt=\"\" width=\"433\" height=\"204\" srcset=\"https:\/\/www.web-dream.fr\/app\/wp-content\/uploads\/2014\/04\/bazarland.jpg 433w, https:\/\/www.web-dream.fr\/app\/wp-content\/uploads\/2014\/04\/bazarland-200x94.jpg 200w\" sizes=\"auto, (max-width: 433px) 100vw, 433px\" \/><\/a><\/p>\n<h3 style=\"text-align: center;\">GC G\u00e9obiologie<\/h3>\n<p style=\"text-align: center;\"><a class=\"Portfoliothumb\" title=\"Site de GC G\u00e9obiologie\" href=\"http:\/\/gc-geobiologie.fr\" target=\"_blank\" rel=\"noopener noreferrer\"><img loading=\"lazy\" decoding=\"async\" src=\"https:\/\/www.web-dream.fr\/app\/wp-content\/uploads\/2016\/05\/gc-geobiologie.jpg\" alt=\"Site de GC G\u00e9obiologie\" width=\"433\" height=\"204\" \/><\/a><\/p>\n<div style=\"text-align: center;\">\n<h3>A Tout Bois De Coeur &#8211; Maison ossature bois<\/h3>\n<\/div>\n<p style=\"text-align: center;\"><a href=\"http:\/\/www.atbc.fr\" target=\"_blank\" rel=\"noopener noreferrer\"><img loading=\"lazy\" decoding=\"async\" src=\"https:\/\/www.web-dream.fr\/app\/wp-content\/uploads\/2026\/04\/Capture-decran-2026-04-14-a-07.59.15.png\" alt=\"picture\" width=\"433\" height=\"204\" \/><\/a><\/p>\n<div style=\"text-align: center;\">\n<h3>R\u00e9seau et Famille<\/h3>\n<\/div>\n<p style=\"text-align: center;\"><a href=\"https:\/\/reseauetfamille.fr\" target=\"_blank\" rel=\"noopener noreferrer\"><img loading=\"lazy\" decoding=\"async\" src=\"https:\/\/www.web-dream.fr\/app\/wp-content\/uploads\/2026\/04\/Capture-decran-2026-04-14-a-08.05.18.png\" alt=\"picture\" width=\"433\" height=\"204\" \/><\/a><\/p>\n","protected":false},"excerpt":{"rendered":"<p>Exemples de nos r\u00e9alisations de site Internet. Mairie d&#8217;Aujac (30450) Le Providence. Les Coches d&#8217;Eau Octa Digital Education Camargue D\u00e9couverte. Bazarland GC G\u00e9obiologie A Tout Bois De Coeur &#8211; Maison ossature bois R\u00e9seau et Famille<\/p>\n","protected":false},"author":1,"featured_media":0,"parent":0,"menu_order":0,"comment_status":"closed","ping_status":"open","template":"","meta":{"footnotes":""},"class_list":["post-2920","page","type-page","status-publish","hentry"],"yoast_head":"<!-- This site is optimized with the Yoast SEO plugin v26.9 - https:\/\/yoast.com\/product\/yoast-seo-wordpress\/ -->\n<title>Sites Internet - WEB DREAM<\/title>\n<meta name=\"description\" content=\"D\u00e9couvrez des exemples de nos r\u00e9alisations de sites Internet.\" \/>\n<meta name=\"robots\" content=\"index, follow, max-snippet:-1, max-image-preview:large, max-video-preview:-1\" \/>\n<link rel=\"canonical\" href=\"https:\/\/www.web-dream.fr\/app\/es\/sites-internet\/\" \/>\n<meta property=\"og:locale\" content=\"es_ES\" \/>\n<meta property=\"og:type\" content=\"article\" \/>\n<meta property=\"og:title\" content=\"Sites Internet - WEB DREAM\" \/>\n<meta property=\"og:description\" content=\"D\u00e9couvrez des exemples de nos r\u00e9alisations de sites Internet.\" \/>\n<meta property=\"og:url\" content=\"https:\/\/www.web-dream.fr\/app\/es\/sites-internet\/\" \/>\n<meta property=\"og:site_name\" content=\"WEB DREAM\" \/>\n<meta property=\"article:publisher\" content=\"https:\/\/www.facebook.com\/pages\/Web-Dream\/687618201332547\" \/>\n<meta property=\"article:modified_time\" content=\"2026-04-14T06:07:12+00:00\" \/>\n<meta property=\"og:image\" content=\"https:\/\/www.web-dream.fr\/app\/wp-content\/uploads\/2015\/04\/aujac.jpg\" \/>\n<meta name=\"twitter:label1\" content=\"Tiempo de lectura\" \/>\n\t<meta name=\"twitter:data1\" content=\"2 minutos\" \/>\n<script type=\"application\/ld+json\" class=\"yoast-schema-graph\">{\"@context\":\"https:\/\/schema.org\",\"@graph\":[{\"@type\":\"WebPage\",\"@id\":\"https:\/\/www.web-dream.fr\/app\/es\/sites-internet\/\",\"url\":\"https:\/\/www.web-dream.fr\/app\/es\/sites-internet\/\",\"name\":\"Sites Internet - WEB DREAM\",\"isPartOf\":{\"@id\":\"https:\/\/www.web-dream.fr\/app\/#website\"},\"primaryImageOfPage\":{\"@id\":\"https:\/\/www.web-dream.fr\/app\/es\/sites-internet\/#primaryimage\"},\"image\":{\"@id\":\"https:\/\/www.web-dream.fr\/app\/es\/sites-internet\/#primaryimage\"},\"thumbnailUrl\":\"https:\/\/www.web-dream.fr\/app\/wp-content\/uploads\/2015\/04\/aujac.jpg\",\"datePublished\":\"2014-04-28T16:47:03+00:00\",\"dateModified\":\"2026-04-14T06:07:12+00:00\",\"description\":\"D\u00e9couvrez des exemples de nos r\u00e9alisations de sites Internet.\",\"breadcrumb\":{\"@id\":\"https:\/\/www.web-dream.fr\/app\/es\/sites-internet\/#breadcrumb\"},\"inLanguage\":\"es\",\"potentialAction\":[{\"@type\":\"ReadAction\",\"target\":[\"https:\/\/www.web-dream.fr\/app\/es\/sites-internet\/\"]}]},{\"@type\":\"ImageObject\",\"inLanguage\":\"es\",\"@id\":\"https:\/\/www.web-dream.fr\/app\/es\/sites-internet\/#primaryimage\",\"url\":\"https:\/\/www.web-dream.fr\/app\/wp-content\/uploads\/2015\/04\/aujac.jpg\",\"contentUrl\":\"https:\/\/www.web-dream.fr\/app\/wp-content\/uploads\/2015\/04\/aujac.jpg\"},{\"@type\":\"BreadcrumbList\",\"@id\":\"https:\/\/www.web-dream.fr\/app\/es\/sites-internet\/#breadcrumb\",\"itemListElement\":[{\"@type\":\"ListItem\",\"position\":1,\"name\":\"Accueil\",\"item\":\"https:\/\/www.web-dream.fr\/app\/es\/\"},{\"@type\":\"ListItem\",\"position\":2,\"name\":\"Sites Internet\"}]},{\"@type\":\"WebSite\",\"@id\":\"https:\/\/www.web-dream.fr\/app\/#website\",\"url\":\"https:\/\/www.web-dream.fr\/app\/\",\"name\":\"WEB DREAM\",\"description\":\"Cr\u00e9ateur d&#039;application Iphone \/ Ipad et Android\",\"publisher\":{\"@id\":\"https:\/\/www.web-dream.fr\/app\/#organization\"},\"potentialAction\":[{\"@type\":\"SearchAction\",\"target\":{\"@type\":\"EntryPoint\",\"urlTemplate\":\"https:\/\/www.web-dream.fr\/app\/?s={search_term_string}\"},\"query-input\":{\"@type\":\"PropertyValueSpecification\",\"valueRequired\":true,\"valueName\":\"search_term_string\"}}],\"inLanguage\":\"es\"},{\"@type\":\"Organization\",\"@id\":\"https:\/\/www.web-dream.fr\/app\/#organization\",\"name\":\"Web Dream\",\"url\":\"https:\/\/www.web-dream.fr\/app\/\",\"logo\":{\"@type\":\"ImageObject\",\"inLanguage\":\"es\",\"@id\":\"https:\/\/www.web-dream.fr\/app\/#\/schema\/logo\/image\/\",\"url\":\"https:\/\/www.web-dream.fr\/app\/wp-content\/uploads\/2016\/03\/Logo-Web-dream_500.jpg\",\"contentUrl\":\"https:\/\/www.web-dream.fr\/app\/wp-content\/uploads\/2016\/03\/Logo-Web-dream_500.jpg\",\"width\":500,\"height\":237,\"caption\":\"Web Dream\"},\"image\":{\"@id\":\"https:\/\/www.web-dream.fr\/app\/#\/schema\/logo\/image\/\"},\"sameAs\":[\"https:\/\/www.facebook.com\/pages\/Web-Dream\/687618201332547\"]}]}<\/script>\n<!-- \/ Yoast SEO plugin. -->","yoast_head_json":{"title":"Sites Internet - WEB DREAM","description":"D\u00e9couvrez des exemples de nos r\u00e9alisations de sites Internet.","robots":{"index":"index","follow":"follow","max-snippet":"max-snippet:-1","max-image-preview":"max-image-preview:large","max-video-preview":"max-video-preview:-1"},"canonical":"https:\/\/www.web-dream.fr\/app\/es\/sites-internet\/","og_locale":"es_ES","og_type":"article","og_title":"Sites Internet - WEB DREAM","og_description":"D\u00e9couvrez des exemples de nos r\u00e9alisations de sites Internet.","og_url":"https:\/\/www.web-dream.fr\/app\/es\/sites-internet\/","og_site_name":"WEB DREAM","article_publisher":"https:\/\/www.facebook.com\/pages\/Web-Dream\/687618201332547","article_modified_time":"2026-04-14T06:07:12+00:00","og_image":[{"url":"https:\/\/www.web-dream.fr\/app\/wp-content\/uploads\/2015\/04\/aujac.jpg","type":"","width":"","height":""}],"twitter_misc":{"Tiempo de lectura":"2 minutos"},"schema":{"@context":"https:\/\/schema.org","@graph":[{"@type":"WebPage","@id":"https:\/\/www.web-dream.fr\/app\/es\/sites-internet\/","url":"https:\/\/www.web-dream.fr\/app\/es\/sites-internet\/","name":"Sites Internet - WEB DREAM","isPartOf":{"@id":"https:\/\/www.web-dream.fr\/app\/#website"},"primaryImageOfPage":{"@id":"https:\/\/www.web-dream.fr\/app\/es\/sites-internet\/#primaryimage"},"image":{"@id":"https:\/\/www.web-dream.fr\/app\/es\/sites-internet\/#primaryimage"},"thumbnailUrl":"https:\/\/www.web-dream.fr\/app\/wp-content\/uploads\/2015\/04\/aujac.jpg","datePublished":"2014-04-28T16:47:03+00:00","dateModified":"2026-04-14T06:07:12+00:00","description":"D\u00e9couvrez des exemples de nos r\u00e9alisations de sites Internet.","breadcrumb":{"@id":"https:\/\/www.web-dream.fr\/app\/es\/sites-internet\/#breadcrumb"},"inLanguage":"es","potentialAction":[{"@type":"ReadAction","target":["https:\/\/www.web-dream.fr\/app\/es\/sites-internet\/"]}]},{"@type":"ImageObject","inLanguage":"es","@id":"https:\/\/www.web-dream.fr\/app\/es\/sites-internet\/#primaryimage","url":"https:\/\/www.web-dream.fr\/app\/wp-content\/uploads\/2015\/04\/aujac.jpg","contentUrl":"https:\/\/www.web-dream.fr\/app\/wp-content\/uploads\/2015\/04\/aujac.jpg"},{"@type":"BreadcrumbList","@id":"https:\/\/www.web-dream.fr\/app\/es\/sites-internet\/#breadcrumb","itemListElement":[{"@type":"ListItem","position":1,"name":"Accueil","item":"https:\/\/www.web-dream.fr\/app\/es\/"},{"@type":"ListItem","position":2,"name":"Sites Internet"}]},{"@type":"WebSite","@id":"https:\/\/www.web-dream.fr\/app\/#website","url":"https:\/\/www.web-dream.fr\/app\/","name":"WEB DREAM","description":"Cr\u00e9ateur d&#039;application Iphone \/ Ipad et Android","publisher":{"@id":"https:\/\/www.web-dream.fr\/app\/#organization"},"potentialAction":[{"@type":"SearchAction","target":{"@type":"EntryPoint","urlTemplate":"https:\/\/www.web-dream.fr\/app\/?s={search_term_string}"},"query-input":{"@type":"PropertyValueSpecification","valueRequired":true,"valueName":"search_term_string"}}],"inLanguage":"es"},{"@type":"Organization","@id":"https:\/\/www.web-dream.fr\/app\/#organization","name":"Web Dream","url":"https:\/\/www.web-dream.fr\/app\/","logo":{"@type":"ImageObject","inLanguage":"es","@id":"https:\/\/www.web-dream.fr\/app\/#\/schema\/logo\/image\/","url":"https:\/\/www.web-dream.fr\/app\/wp-content\/uploads\/2016\/03\/Logo-Web-dream_500.jpg","contentUrl":"https:\/\/www.web-dream.fr\/app\/wp-content\/uploads\/2016\/03\/Logo-Web-dream_500.jpg","width":500,"height":237,"caption":"Web Dream"},"image":{"@id":"https:\/\/www.web-dream.fr\/app\/#\/schema\/logo\/image\/"},"sameAs":["https:\/\/www.facebook.com\/pages\/Web-Dream\/687618201332547"]}]}},"_links":{"self":[{"href":"https:\/\/www.web-dream.fr\/app\/es\/wp-json\/wp\/v2\/pages\/2920","targetHints":{"allow":["GET"]}}],"collection":[{"href":"https:\/\/www.web-dream.fr\/app\/es\/wp-json\/wp\/v2\/pages"}],"about":[{"href":"https:\/\/www.web-dream.fr\/app\/es\/wp-json\/wp\/v2\/types\/page"}],"author":[{"embeddable":true,"href":"https:\/\/www.web-dream.fr\/app\/es\/wp-json\/wp\/v2\/users\/1"}],"replies":[{"embeddable":true,"href":"https:\/\/www.web-dream.fr\/app\/es\/wp-json\/wp\/v2\/comments?post=2920"}],"version-history":[{"count":48,"href":"https:\/\/www.web-dream.fr\/app\/es\/wp-json\/wp\/v2\/pages\/2920\/revisions"}],"predecessor-version":[{"id":19198,"href":"https:\/\/www.web-dream.fr\/app\/es\/wp-json\/wp\/v2\/pages\/2920\/revisions\/19198"}],"wp:attachment":[{"href":"https:\/\/www.web-dream.fr\/app\/es\/wp-json\/wp\/v2\/media?parent=2920"}],"curies":[{"name":"wp","href":"https:\/\/api.w.org\/{rel}","templated":true}]}}