{"id":17874,"date":"2018-12-18T09:12:10","date_gmt":"2018-12-18T08:12:10","guid":{"rendered":"https:\/\/www.web-dream.fr\/app\/?page_id=17874"},"modified":"2018-12-20T08:22:41","modified_gmt":"2018-12-20T07:22:41","slug":"rezo-pc-regles-de-confidentialite-2","status":"publish","type":"page","link":"https:\/\/www.web-dream.fr\/app\/rezo-pc-regles-de-confidentialite-2\/","title":{"rendered":"\u00ab\u00a0A2+\u00a0\u00bb Privacy Policy &#8211; \u00ab\u00a0A2+\u00a0\u00bb R\u00e8gles de confidentialit\u00e9"},"content":{"rendered":"<p>This is the privacy policy for the \u00ab\u00a0A2+\u00a0\u00bb app.<\/p>\n<p>\u00ab\u00a0A2+\u00a0\u00bb does not store\/collect\/send\/manage any personal data of any kind. All materials created with \u00ab\u00a0A2+\u00a0\u00bb are solely yours (the user).<\/p>\n<p>The authorization of the use of the GPS allows only to take the geographical position of the user in order to build the plan to be measured. Under this operation \u00ab\u00a0A2+\u00a0\u00bb also does not store\/collect\/send\/manage any personal data of any kind.<\/p>\n<p>When manually requested by you (the user), \u00ab\u00a0A2+\u00a0\u00bb sends the selected media by you (the user) from the device to a desired destination also selected by you (the user), such as email, social media, a different app, or other targets selected by you (the user). Under this operation \u00ab\u00a0A2+\u00a0\u00bb also does not store\/collect\/send\/manage any personal data of any kind.<\/p>\n<hr \/>\n<p>Politique de confidentialit\u00e9 de l&rsquo;application \u00ab\u00a0A2+\u00a0\u00bb.<\/p>\n<p>\u00ab\u00a0A2+\u00a0\u00bb ne stocke \/ ne collecte \/ n&rsquo;envoie \/ ne g\u00e8re aucune donn\u00e9e personnelle de quelque nature que ce soit. Tous les documents\u00a0cr\u00e9\u00e9s avec \u00ab\u00a0A2+\u00a0\u00bb sont uniquement \u00e0 vous (l&rsquo;utilisateur).<\/p>\n<p>L&rsquo;autorisation de l&rsquo;utilisation du GPS permet uniquement de prendre la position g\u00e9ographique de l&rsquo;utilisateur afin de construire le plan \u00e0 mesurer.\u00a0Dans le cadre de cette op\u00e9ration, \u00ab\u00a0A2+\u00a0\u00bb ne stocke \/ ne collecte \/ n&rsquo;envoie \/ ne g\u00e8re aucune donn\u00e9e personnelle de quelque nature que ce soit.<\/p>\n<p>Lorsque vous le demandez (l&rsquo;utilisateur), \u00ab\u00a0A2+\u00a0\u00bb envoie le media\u00a0s\u00e9lectionn\u00e9 par vous (l&rsquo;utilisateur) de l&rsquo;appareil mobile \u00e0 une destination souhait\u00e9e \u00e9galement s\u00e9lectionn\u00e9e par vous (l&rsquo;utilisateur), par exemple un courrier \u00e9lectronique, des m\u00e9dias sociaux, une application diff\u00e9rente ou autre cibles s\u00e9lectionn\u00e9es par vous (l&rsquo;utilisateur). Dans le cadre de cette op\u00e9ration, \u00ab\u00a0A2+\u00a0\u00bb ne stocke \/ ne collecte \/ n&rsquo;envoie \/ ne g\u00e8re aucune donn\u00e9e personnelle de quelque nature que ce soit.<\/p>\n<p>&nbsp;<\/p>\n","protected":false},"excerpt":{"rendered":"<p>This is the privacy policy for the \u00ab\u00a0A2+\u00a0\u00bb app. \u00ab\u00a0A2+\u00a0\u00bb does not store\/collect\/send\/manage any personal data of any kind. All materials created with \u00ab\u00a0A2+\u00a0\u00bb are solely yours (the user). The authorization of the use of the GPS allows only to take the geographical position of the user in order to build the plan to be [&hellip;]<\/p>\n","protected":false},"author":1,"featured_media":0,"parent":0,"menu_order":0,"comment_status":"closed","ping_status":"closed","template":"","meta":{"footnotes":""},"class_list":["post-17874","page","type-page","status-publish","hentry"],"yoast_head":"<!-- This site is optimized with the Yoast SEO plugin v26.9 - https:\/\/yoast.com\/product\/yoast-seo-wordpress\/ -->\n<title>&quot;A2+&quot; Privacy Policy - &quot;A2+&quot; R\u00e8gles de confidentialit\u00e9 - WEB DREAM<\/title>\n<meta name=\"robots\" content=\"index, follow, max-snippet:-1, max-image-preview:large, max-video-preview:-1\" \/>\n<link rel=\"canonical\" href=\"https:\/\/www.web-dream.fr\/app\/rezo-pc-regles-de-confidentialite-2\/\" \/>\n<meta property=\"og:locale\" content=\"fr_FR\" \/>\n<meta property=\"og:type\" content=\"article\" \/>\n<meta property=\"og:title\" content=\"&quot;A2+&quot; Privacy Policy - &quot;A2+&quot; R\u00e8gles de confidentialit\u00e9 - WEB DREAM\" \/>\n<meta property=\"og:description\" content=\"This is the privacy policy for the \u00ab\u00a0A2+\u00a0\u00bb app. \u00ab\u00a0A2+\u00a0\u00bb does not store\/collect\/send\/manage any personal data of any kind. All materials created with \u00ab\u00a0A2+\u00a0\u00bb are solely yours (the user). The authorization of the use of the GPS allows only to take the geographical position of the user in order to build the plan to be [&hellip;]\" \/>\n<meta property=\"og:url\" content=\"https:\/\/www.web-dream.fr\/app\/rezo-pc-regles-de-confidentialite-2\/\" \/>\n<meta property=\"og:site_name\" content=\"WEB DREAM\" \/>\n<meta property=\"article:publisher\" content=\"https:\/\/www.facebook.com\/pages\/Web-Dream\/687618201332547\" \/>\n<meta property=\"article:modified_time\" content=\"2018-12-20T07:22:41+00:00\" \/>\n<meta name=\"twitter:label1\" content=\"Dur\u00e9e de lecture estim\u00e9e\" \/>\n\t<meta name=\"twitter:data1\" content=\"1 minute\" \/>\n<script type=\"application\/ld+json\" class=\"yoast-schema-graph\">{\"@context\":\"https:\/\/schema.org\",\"@graph\":[{\"@type\":\"WebPage\",\"@id\":\"https:\/\/www.web-dream.fr\/app\/rezo-pc-regles-de-confidentialite-2\/\",\"url\":\"https:\/\/www.web-dream.fr\/app\/rezo-pc-regles-de-confidentialite-2\/\",\"name\":\"\\\"A2+\\\" Privacy Policy - \\\"A2+\\\" R\u00e8gles de confidentialit\u00e9 - WEB DREAM\",\"isPartOf\":{\"@id\":\"https:\/\/www.web-dream.fr\/app\/#website\"},\"datePublished\":\"2018-12-18T08:12:10+00:00\",\"dateModified\":\"2018-12-20T07:22:41+00:00\",\"breadcrumb\":{\"@id\":\"https:\/\/www.web-dream.fr\/app\/rezo-pc-regles-de-confidentialite-2\/#breadcrumb\"},\"inLanguage\":\"fr-FR\",\"potentialAction\":[{\"@type\":\"ReadAction\",\"target\":[\"https:\/\/www.web-dream.fr\/app\/rezo-pc-regles-de-confidentialite-2\/\"]}]},{\"@type\":\"BreadcrumbList\",\"@id\":\"https:\/\/www.web-dream.fr\/app\/rezo-pc-regles-de-confidentialite-2\/#breadcrumb\",\"itemListElement\":[{\"@type\":\"ListItem\",\"position\":1,\"name\":\"Accueil\",\"item\":\"https:\/\/www.web-dream.fr\/app\/\"},{\"@type\":\"ListItem\",\"position\":2,\"name\":\"\u00ab\u00a0A2+\u00a0\u00bb Privacy Policy &#8211; \u00ab\u00a0A2+\u00a0\u00bb R\u00e8gles de confidentialit\u00e9\"}]},{\"@type\":\"WebSite\",\"@id\":\"https:\/\/www.web-dream.fr\/app\/#website\",\"url\":\"https:\/\/www.web-dream.fr\/app\/\",\"name\":\"WEB DREAM\",\"description\":\"Cr\u00e9ateur d&#039;application Iphone \/ Ipad et Android\",\"publisher\":{\"@id\":\"https:\/\/www.web-dream.fr\/app\/#organization\"},\"potentialAction\":[{\"@type\":\"SearchAction\",\"target\":{\"@type\":\"EntryPoint\",\"urlTemplate\":\"https:\/\/www.web-dream.fr\/app\/?s={search_term_string}\"},\"query-input\":{\"@type\":\"PropertyValueSpecification\",\"valueRequired\":true,\"valueName\":\"search_term_string\"}}],\"inLanguage\":\"fr-FR\"},{\"@type\":\"Organization\",\"@id\":\"https:\/\/www.web-dream.fr\/app\/#organization\",\"name\":\"Web Dream\",\"url\":\"https:\/\/www.web-dream.fr\/app\/\",\"logo\":{\"@type\":\"ImageObject\",\"inLanguage\":\"fr-FR\",\"@id\":\"https:\/\/www.web-dream.fr\/app\/#\/schema\/logo\/image\/\",\"url\":\"https:\/\/www.web-dream.fr\/app\/wp-content\/uploads\/2016\/03\/Logo-Web-dream_500.jpg\",\"contentUrl\":\"https:\/\/www.web-dream.fr\/app\/wp-content\/uploads\/2016\/03\/Logo-Web-dream_500.jpg\",\"width\":500,\"height\":237,\"caption\":\"Web Dream\"},\"image\":{\"@id\":\"https:\/\/www.web-dream.fr\/app\/#\/schema\/logo\/image\/\"},\"sameAs\":[\"https:\/\/www.facebook.com\/pages\/Web-Dream\/687618201332547\"]}]}<\/script>\n<!-- \/ Yoast SEO plugin. -->","yoast_head_json":{"title":"\"A2+\" Privacy Policy - \"A2+\" R\u00e8gles de confidentialit\u00e9 - WEB DREAM","robots":{"index":"index","follow":"follow","max-snippet":"max-snippet:-1","max-image-preview":"max-image-preview:large","max-video-preview":"max-video-preview:-1"},"canonical":"https:\/\/www.web-dream.fr\/app\/rezo-pc-regles-de-confidentialite-2\/","og_locale":"fr_FR","og_type":"article","og_title":"\"A2+\" Privacy Policy - \"A2+\" R\u00e8gles de confidentialit\u00e9 - WEB DREAM","og_description":"This is the privacy policy for the \u00ab\u00a0A2+\u00a0\u00bb app. \u00ab\u00a0A2+\u00a0\u00bb does not store\/collect\/send\/manage any personal data of any kind. All materials created with \u00ab\u00a0A2+\u00a0\u00bb are solely yours (the user). The authorization of the use of the GPS allows only to take the geographical position of the user in order to build the plan to be [&hellip;]","og_url":"https:\/\/www.web-dream.fr\/app\/rezo-pc-regles-de-confidentialite-2\/","og_site_name":"WEB DREAM","article_publisher":"https:\/\/www.facebook.com\/pages\/Web-Dream\/687618201332547","article_modified_time":"2018-12-20T07:22:41+00:00","twitter_misc":{"Dur\u00e9e de lecture estim\u00e9e":"1 minute"},"schema":{"@context":"https:\/\/schema.org","@graph":[{"@type":"WebPage","@id":"https:\/\/www.web-dream.fr\/app\/rezo-pc-regles-de-confidentialite-2\/","url":"https:\/\/www.web-dream.fr\/app\/rezo-pc-regles-de-confidentialite-2\/","name":"\"A2+\" Privacy Policy - \"A2+\" R\u00e8gles de confidentialit\u00e9 - WEB DREAM","isPartOf":{"@id":"https:\/\/www.web-dream.fr\/app\/#website"},"datePublished":"2018-12-18T08:12:10+00:00","dateModified":"2018-12-20T07:22:41+00:00","breadcrumb":{"@id":"https:\/\/www.web-dream.fr\/app\/rezo-pc-regles-de-confidentialite-2\/#breadcrumb"},"inLanguage":"fr-FR","potentialAction":[{"@type":"ReadAction","target":["https:\/\/www.web-dream.fr\/app\/rezo-pc-regles-de-confidentialite-2\/"]}]},{"@type":"BreadcrumbList","@id":"https:\/\/www.web-dream.fr\/app\/rezo-pc-regles-de-confidentialite-2\/#breadcrumb","itemListElement":[{"@type":"ListItem","position":1,"name":"Accueil","item":"https:\/\/www.web-dream.fr\/app\/"},{"@type":"ListItem","position":2,"name":"\u00ab\u00a0A2+\u00a0\u00bb Privacy Policy &#8211; \u00ab\u00a0A2+\u00a0\u00bb R\u00e8gles de confidentialit\u00e9"}]},{"@type":"WebSite","@id":"https:\/\/www.web-dream.fr\/app\/#website","url":"https:\/\/www.web-dream.fr\/app\/","name":"WEB DREAM","description":"Cr\u00e9ateur d&#039;application Iphone \/ Ipad et Android","publisher":{"@id":"https:\/\/www.web-dream.fr\/app\/#organization"},"potentialAction":[{"@type":"SearchAction","target":{"@type":"EntryPoint","urlTemplate":"https:\/\/www.web-dream.fr\/app\/?s={search_term_string}"},"query-input":{"@type":"PropertyValueSpecification","valueRequired":true,"valueName":"search_term_string"}}],"inLanguage":"fr-FR"},{"@type":"Organization","@id":"https:\/\/www.web-dream.fr\/app\/#organization","name":"Web Dream","url":"https:\/\/www.web-dream.fr\/app\/","logo":{"@type":"ImageObject","inLanguage":"fr-FR","@id":"https:\/\/www.web-dream.fr\/app\/#\/schema\/logo\/image\/","url":"https:\/\/www.web-dream.fr\/app\/wp-content\/uploads\/2016\/03\/Logo-Web-dream_500.jpg","contentUrl":"https:\/\/www.web-dream.fr\/app\/wp-content\/uploads\/2016\/03\/Logo-Web-dream_500.jpg","width":500,"height":237,"caption":"Web Dream"},"image":{"@id":"https:\/\/www.web-dream.fr\/app\/#\/schema\/logo\/image\/"},"sameAs":["https:\/\/www.facebook.com\/pages\/Web-Dream\/687618201332547"]}]}},"_links":{"self":[{"href":"https:\/\/www.web-dream.fr\/app\/wp-json\/wp\/v2\/pages\/17874","targetHints":{"allow":["GET"]}}],"collection":[{"href":"https:\/\/www.web-dream.fr\/app\/wp-json\/wp\/v2\/pages"}],"about":[{"href":"https:\/\/www.web-dream.fr\/app\/wp-json\/wp\/v2\/types\/page"}],"author":[{"embeddable":true,"href":"https:\/\/www.web-dream.fr\/app\/wp-json\/wp\/v2\/users\/1"}],"replies":[{"embeddable":true,"href":"https:\/\/www.web-dream.fr\/app\/wp-json\/wp\/v2\/comments?post=17874"}],"version-history":[{"count":3,"href":"https:\/\/www.web-dream.fr\/app\/wp-json\/wp\/v2\/pages\/17874\/revisions"}],"predecessor-version":[{"id":17877,"href":"https:\/\/www.web-dream.fr\/app\/wp-json\/wp\/v2\/pages\/17874\/revisions\/17877"}],"wp:attachment":[{"href":"https:\/\/www.web-dream.fr\/app\/wp-json\/wp\/v2\/media?parent=17874"}],"curies":[{"name":"wp","href":"https:\/\/api.w.org\/{rel}","templated":true}]}}